{"id":2308,"date":"2025-01-02T12:42:06","date_gmt":"2025-01-02T10:42:06","guid":{"rendered":"https:\/\/fundaciojoanoro.org\/?page_id=2308"},"modified":"2025-02-28T10:44:15","modified_gmt":"2025-02-28T08:44:15","slug":"aviso-legal-y-condiciones-generales-de-uso","status":"publish","type":"page","link":"https:\/\/fundaciojoanoro.org\/es\/aviso-legal-y-condiciones-generales-de-uso\/","title":{"rendered":"AVISO LEGAL Y CONDICIONES GENERALES DE USO"},"content":{"rendered":"\n<p><strong>I. INFORMACI\u00d3N GENERAL<\/strong><\/p>\n\n\n\n<p>En cumplimiento del deber de informaci\u00f3n establecido por la Ley 34\/2002 de Servicios de la Sociedad de la Informaci\u00f3n y el Comercio Electr\u00f3nico (LSSI-CE), de 11 de julio, se facilita la siguiente informaci\u00f3n sobre este sitio web:<\/p>\n\n\n\n<p>El titular de este sitio web, <a>https:\/\/fundaciojoanoro.org\/<\/a> (en adelante, Sitio Web), es: <strong>Fundaci\u00f3n Joan Or\u00f3<\/strong>, con NIF <strong>G25304882<\/strong> e inscrita en: (pendiente) con los siguientes datos registrales: (pendiente), y representada por <strong>Fundaci\u00f3n Joan Or\u00f3<\/strong>.<\/p>\n\n\n\n<ul class=\"wp-block-list\">\n<li><strong>Direcci\u00f3n:<\/strong> Ramon i Cajal, 2 altell esquerra 25003, Lleida<\/li>\n\n\n\n<li><strong>Tel\u00e9fono de contacto:<\/strong> +34 973 27 93 96<\/li>\n\n\n\n<li><strong>Correo electr\u00f3nico de contacto:<\/strong> <a>administracio@fundaciojoanoro.org<\/a><\/li>\n<\/ul>\n\n\n\n<p><strong>II. T\u00c9RMINOS Y CONDICIONES GENERALES DE USO<\/strong><\/p>\n\n\n\n<h3 class=\"wp-block-heading\">Objeto de las condiciones: El Sitio Web<\/h3>\n\n\n\n<p>El objeto de estas Condiciones Generales de Uso (en adelante, Condiciones) es regular el acceso y la utilizaci\u00f3n del Sitio Web. A efectos de estas Condiciones, se entender\u00e1 por Sitio Web: la apariencia externa de las interfaces de pantalla, tanto de forma est\u00e1tica como din\u00e1mica (es decir, la estructura de navegaci\u00f3n), y todos los elementos integrados tanto en las interfaces de pantalla como en la estructura de navegaci\u00f3n (en adelante, Contenidos), as\u00ed como todos los servicios o recursos en l\u00ednea que pueda ofrecer a los Usuarios (en adelante, Servicios).<\/p>\n\n\n\n<p>La Fundaci\u00f3n Joan Or\u00f3 se reserva el derecho de modificar, en cualquier momento y sin previo aviso, la presentaci\u00f3n y configuraci\u00f3n del Sitio Web, as\u00ed como los Contenidos y Servicios que puedan estar incorporados en \u00e9l. El Usuario reconoce y acepta que, en cualquier momento, la Fundaci\u00f3n Joan Or\u00f3 puede interrumpir, desactivar y\/o cancelar cualquiera de estos elementos integrados en el Sitio Web o el acceso a los mismos.<\/p>\n\n\n\n<p>El acceso al Sitio Web por parte del Usuario es libre y, en general, gratuito, sin que el Usuario deba proporcionar contraprestaci\u00f3n alguna para disfrutarlo, salvo el coste de conexi\u00f3n a trav\u00e9s de la red de telecomunicaciones suministrada por el proveedor de acceso contratado por el Usuario.<\/p>\n\n\n\n<p>El uso de los Contenidos no requiere suscripci\u00f3n previa ni registro.<\/p>\n\n\n\n<h3 class=\"wp-block-heading\">El Usuario<\/h3>\n\n\n\n<p>El acceso, la navegaci\u00f3n y el uso del Sitio Web confiere la condici\u00f3n de Usuario. Al acceder al Sitio Web, el Usuario acepta todas las Condiciones establecidas, as\u00ed como sus posteriores modificaciones, sin perjuicio de la aplicaci\u00f3n de la normativa legal correspondiente en cada caso. Por ello, se recomienda que el Usuario lea estas Condiciones cada vez que visite el Sitio Web.<\/p>\n\n\n\n<p>El Sitio Web de la Fundaci\u00f3n Joan Or\u00f3 proporciona una gran variedad de informaci\u00f3n, servicios y datos. El Usuario asume la responsabilidad de utilizar correctamente el Sitio Web. Esta responsabilidad incluye:<\/p>\n\n\n\n<ol start=\"1\" class=\"wp-block-list\">\n<li>Un uso adecuado de la informaci\u00f3n, Contenidos y\/o Servicios y datos proporcionados por la Fundaci\u00f3n Joan Or\u00f3, sin contravenir estas Condiciones, la ley, la moral o el orden p\u00fablico, ni da\u00f1ar los derechos de terceros o el funcionamiento del Sitio Web.<\/li>\n\n\n\n<li>La veracidad y legalidad de la informaci\u00f3n proporcionada por el Usuario en los formularios del Sitio Web para acceder a ciertos Contenidos o Servicios. El Usuario deber\u00e1 notificar inmediatamente a la Fundaci\u00f3n Joan Or\u00f3 cualquier uso indebido de la informaci\u00f3n registrada en dichos formularios, como el robo, p\u00e9rdida o acceso no autorizado a identificadores y\/o contrase\u00f1as, para proceder a su cancelaci\u00f3n inmediata.<\/li>\n<\/ol>\n\n\n\n<p>El acceso al Sitio Web no implica el establecimiento de ninguna relaci\u00f3n comercial entre la Fundaci\u00f3n Joan Or\u00f3 y el Usuario.<\/p>\n\n\n\n<p>Este Sitio Web est\u00e1 dirigido a todas las personas que puedan acceder y\/o navegar por \u00e9l, independientemente de su edad, siempre en cumplimiento de la legislaci\u00f3n vigente.<\/p>\n\n\n\n<p><strong>III. ACCESO Y NAVEGACI\u00d3N EN EL SITIO WEB: EXCLUSI\u00d3N DE GARANT\u00cdAS Y RESPONSABILIDAD<\/strong><\/p>\n\n\n\n<p>La Fundaci\u00f3n Joan Or\u00f3 no garantiza la continuidad, disponibilidad ni utilidad del Sitio Web, los Contenidos o los Servicios. Aunque se har\u00e1n los esfuerzos necesarios para asegurar el buen funcionamiento del Sitio Web, no se garantiza que el acceso sea ininterrumpido o libre de errores.<\/p>\n\n\n\n<p>Asimismo, la Fundaci\u00f3n Joan Or\u00f3 no se hace responsable de los da\u00f1os o perjuicios que puedan derivarse de un uso inadecuado del Sitio Web, incluyendo interrupciones, ca\u00eddas o defectos de las telecomunicaciones.<\/p>\n\n\n\n<p><strong>IV. POL\u00cdTICA DE ENLACES<\/strong><\/p>\n\n\n\n<p>La Fundaci\u00f3n Joan Or\u00f3 no ofrece ni comercializa, por s\u00ed misma o por medio de terceros, los productos y\/o servicios disponibles en sitios enlazados.<\/p>\n\n\n\n<p>El tercero que desee incluir un hiperv\u00ednculo al Sitio Web deber\u00e1 cumplir las siguientes condiciones:<\/p>\n\n\n\n<ol start=\"1\" class=\"wp-block-list\">\n<li>No se permite la reproducci\u00f3n total o parcial de los Contenidos o Servicios sin autorizaci\u00f3n expresa.<\/li>\n\n\n\n<li>No se permite ninguna manifestaci\u00f3n falsa, inexacta o incorrecta sobre el Sitio Web o sus Contenidos.<\/li>\n\n\n\n<li>El hiperv\u00ednculo no implicar\u00e1 ninguna relaci\u00f3n entre la Fundaci\u00f3n Joan Or\u00f3 y el titular del sitio web donde se integre.<\/li>\n<\/ol>\n\n\n\n<p><strong>V. PROPIEDAD INTELECTUAL E INDUSTRIAL<\/strong><\/p>\n\n\n\n<p>La Fundaci\u00f3n Joan Or\u00f3 es titular de todos los derechos de propiedad intelectual e industrial del Sitio Web y sus elementos, estando protegidos por la normativa espa\u00f1ola, comunitaria y los tratados internacionales. El Usuario se compromete a respetar estos derechos.<\/p>\n\n\n\n<p><strong>VI. ACCIONES LEGALES, LEGISLACI\u00d3N APLICABLE Y JURISDICCI\u00d3N<\/strong><\/p>\n\n\n\n<p>La Fundaci\u00f3n Joan Or\u00f3 se reserva el derecho de ejercer las acciones legales pertinentes por el uso indebido del Sitio Web o el incumplimiento de estas Condiciones.<\/p>\n\n\n\n<p>La relaci\u00f3n entre la Fundaci\u00f3n Joan Or\u00f3 y el Usuario se regir\u00e1 por la normativa espa\u00f1ola vigente, y cualquier conflicto se someter\u00e1 a los tribunales competentes conforme a la legislaci\u00f3n aplicable.<\/p>\n","protected":false},"excerpt":{"rendered":"<p>I. INFORMACI\u00d3N GENERAL En cumplimiento del deber de informaci\u00f3n establecido por la Ley 34\/2002 de Servicios de la Sociedad de la Informaci\u00f3n y el Comercio Electr\u00f3nico (LSSI-CE), de 11 de julio, se facilita la siguiente informaci\u00f3n sobre este sitio web: El titular de este sitio web, https:\/\/fundaciojoanoro.org\/ (en adelante, Sitio Web), es: Fundaci\u00f3n Joan Or\u00f3, [&hellip;]<\/p>\n","protected":false},"author":1,"featured_media":0,"parent":0,"menu_order":0,"comment_status":"closed","ping_status":"closed","template":"","meta":{"_acf_changed":false,"footnotes":""},"disposicio":[],"class_list":["post-2308","page","type-page","status-publish","hentry"],"acf":[],"yoast_head":"<!-- This site is optimized with the Yoast SEO plugin v26.7 - https:\/\/yoast.com\/wordpress\/plugins\/seo\/ -->\n<title>AVISO LEGAL Y CONDICIONES GENERALES DE USO - Joan Oro<\/title>\n<meta name=\"robots\" content=\"index, follow, max-snippet:-1, max-image-preview:large, max-video-preview:-1\" \/>\n<link rel=\"canonical\" href=\"https:\/\/fundaciojoanoro.org\/es\/aviso-legal-y-condiciones-generales-de-uso\/\" \/>\n<meta property=\"og:locale\" content=\"es_ES\" \/>\n<meta property=\"og:type\" content=\"article\" \/>\n<meta property=\"og:title\" content=\"AVISO LEGAL Y CONDICIONES GENERALES DE USO - Joan Oro\" \/>\n<meta property=\"og:description\" content=\"I. INFORMACI\u00d3N GENERAL En cumplimiento del deber de informaci\u00f3n establecido por la Ley 34\/2002 de Servicios de la Sociedad de la Informaci\u00f3n y el Comercio Electr\u00f3nico (LSSI-CE), de 11 de julio, se facilita la siguiente informaci\u00f3n sobre este sitio web: El titular de este sitio web, https:\/\/fundaciojoanoro.org\/ (en adelante, Sitio Web), es: Fundaci\u00f3n Joan Or\u00f3, [&hellip;]\" \/>\n<meta property=\"og:url\" content=\"https:\/\/fundaciojoanoro.org\/es\/aviso-legal-y-condiciones-generales-de-uso\/\" \/>\n<meta property=\"og:site_name\" content=\"Joan Oro\" \/>\n<meta property=\"article:modified_time\" content=\"2025-02-28T08:44:15+00:00\" \/>\n<meta name=\"twitter:card\" content=\"summary_large_image\" \/>\n<meta name=\"twitter:label1\" content=\"Tiempo de lectura\" \/>\n\t<meta name=\"twitter:data1\" content=\"5 minutos\" \/>\n<script type=\"application\/ld+json\" class=\"yoast-schema-graph\">{\"@context\":\"https:\/\/schema.org\",\"@graph\":[{\"@type\":\"WebPage\",\"@id\":\"https:\/\/fundaciojoanoro.org\/es\/aviso-legal-y-condiciones-generales-de-uso\/\",\"url\":\"https:\/\/fundaciojoanoro.org\/es\/aviso-legal-y-condiciones-generales-de-uso\/\",\"name\":\"AVISO LEGAL Y CONDICIONES GENERALES DE USO - Joan Oro\",\"isPartOf\":{\"@id\":\"https:\/\/fundaciojoanoro.org\/#website\"},\"datePublished\":\"2025-01-02T10:42:06+00:00\",\"dateModified\":\"2025-02-28T08:44:15+00:00\",\"breadcrumb\":{\"@id\":\"https:\/\/fundaciojoanoro.org\/es\/aviso-legal-y-condiciones-generales-de-uso\/#breadcrumb\"},\"inLanguage\":\"es\",\"potentialAction\":[{\"@type\":\"ReadAction\",\"target\":[\"https:\/\/fundaciojoanoro.org\/es\/aviso-legal-y-condiciones-generales-de-uso\/\"]}]},{\"@type\":\"BreadcrumbList\",\"@id\":\"https:\/\/fundaciojoanoro.org\/es\/aviso-legal-y-condiciones-generales-de-uso\/#breadcrumb\",\"itemListElement\":[{\"@type\":\"ListItem\",\"position\":1,\"name\":\"Inici\",\"item\":\"https:\/\/fundaciojoanoro.org\/es\/fundacion-joan-oro\/\"},{\"@type\":\"ListItem\",\"position\":2,\"name\":\"AVISO LEGAL Y CONDICIONES GENERALES DE USO\"}]},{\"@type\":\"WebSite\",\"@id\":\"https:\/\/fundaciojoanoro.org\/#website\",\"url\":\"https:\/\/fundaciojoanoro.org\/\",\"name\":\"Joan Oro\",\"description\":\"\",\"publisher\":{\"@id\":\"https:\/\/fundaciojoanoro.org\/#organization\"},\"potentialAction\":[{\"@type\":\"SearchAction\",\"target\":{\"@type\":\"EntryPoint\",\"urlTemplate\":\"https:\/\/fundaciojoanoro.org\/?s={search_term_string}\"},\"query-input\":{\"@type\":\"PropertyValueSpecification\",\"valueRequired\":true,\"valueName\":\"search_term_string\"}}],\"inLanguage\":\"es\"},{\"@type\":\"Organization\",\"@id\":\"https:\/\/fundaciojoanoro.org\/#organization\",\"name\":\"Joan Oro\",\"url\":\"https:\/\/fundaciojoanoro.org\/\",\"logo\":{\"@type\":\"ImageObject\",\"inLanguage\":\"es\",\"@id\":\"https:\/\/fundaciojoanoro.org\/#\/schema\/logo\/image\/\",\"url\":\"https:\/\/fundaciojoanoro.org\/wp-content\/uploads\/2023\/04\/logo.svg\",\"contentUrl\":\"https:\/\/fundaciojoanoro.org\/wp-content\/uploads\/2023\/04\/logo.svg\",\"width\":228,\"height\":106,\"caption\":\"Joan Oro\"},\"image\":{\"@id\":\"https:\/\/fundaciojoanoro.org\/#\/schema\/logo\/image\/\"}}]}<\/script>\n<!-- \/ Yoast SEO plugin. -->","yoast_head_json":{"title":"AVISO LEGAL Y CONDICIONES GENERALES DE USO - Joan Oro","robots":{"index":"index","follow":"follow","max-snippet":"max-snippet:-1","max-image-preview":"max-image-preview:large","max-video-preview":"max-video-preview:-1"},"canonical":"https:\/\/fundaciojoanoro.org\/es\/aviso-legal-y-condiciones-generales-de-uso\/","og_locale":"es_ES","og_type":"article","og_title":"AVISO LEGAL Y CONDICIONES GENERALES DE USO - Joan Oro","og_description":"I. INFORMACI\u00d3N GENERAL En cumplimiento del deber de informaci\u00f3n establecido por la Ley 34\/2002 de Servicios de la Sociedad de la Informaci\u00f3n y el Comercio Electr\u00f3nico (LSSI-CE), de 11 de julio, se facilita la siguiente informaci\u00f3n sobre este sitio web: El titular de este sitio web, https:\/\/fundaciojoanoro.org\/ (en adelante, Sitio Web), es: Fundaci\u00f3n Joan Or\u00f3, [&hellip;]","og_url":"https:\/\/fundaciojoanoro.org\/es\/aviso-legal-y-condiciones-generales-de-uso\/","og_site_name":"Joan Oro","article_modified_time":"2025-02-28T08:44:15+00:00","twitter_card":"summary_large_image","twitter_misc":{"Tiempo de lectura":"5 minutos"},"schema":{"@context":"https:\/\/schema.org","@graph":[{"@type":"WebPage","@id":"https:\/\/fundaciojoanoro.org\/es\/aviso-legal-y-condiciones-generales-de-uso\/","url":"https:\/\/fundaciojoanoro.org\/es\/aviso-legal-y-condiciones-generales-de-uso\/","name":"AVISO LEGAL Y CONDICIONES GENERALES DE USO - Joan Oro","isPartOf":{"@id":"https:\/\/fundaciojoanoro.org\/#website"},"datePublished":"2025-01-02T10:42:06+00:00","dateModified":"2025-02-28T08:44:15+00:00","breadcrumb":{"@id":"https:\/\/fundaciojoanoro.org\/es\/aviso-legal-y-condiciones-generales-de-uso\/#breadcrumb"},"inLanguage":"es","potentialAction":[{"@type":"ReadAction","target":["https:\/\/fundaciojoanoro.org\/es\/aviso-legal-y-condiciones-generales-de-uso\/"]}]},{"@type":"BreadcrumbList","@id":"https:\/\/fundaciojoanoro.org\/es\/aviso-legal-y-condiciones-generales-de-uso\/#breadcrumb","itemListElement":[{"@type":"ListItem","position":1,"name":"Inici","item":"https:\/\/fundaciojoanoro.org\/es\/fundacion-joan-oro\/"},{"@type":"ListItem","position":2,"name":"AVISO LEGAL Y CONDICIONES GENERALES DE USO"}]},{"@type":"WebSite","@id":"https:\/\/fundaciojoanoro.org\/#website","url":"https:\/\/fundaciojoanoro.org\/","name":"Joan Oro","description":"","publisher":{"@id":"https:\/\/fundaciojoanoro.org\/#organization"},"potentialAction":[{"@type":"SearchAction","target":{"@type":"EntryPoint","urlTemplate":"https:\/\/fundaciojoanoro.org\/?s={search_term_string}"},"query-input":{"@type":"PropertyValueSpecification","valueRequired":true,"valueName":"search_term_string"}}],"inLanguage":"es"},{"@type":"Organization","@id":"https:\/\/fundaciojoanoro.org\/#organization","name":"Joan Oro","url":"https:\/\/fundaciojoanoro.org\/","logo":{"@type":"ImageObject","inLanguage":"es","@id":"https:\/\/fundaciojoanoro.org\/#\/schema\/logo\/image\/","url":"https:\/\/fundaciojoanoro.org\/wp-content\/uploads\/2023\/04\/logo.svg","contentUrl":"https:\/\/fundaciojoanoro.org\/wp-content\/uploads\/2023\/04\/logo.svg","width":228,"height":106,"caption":"Joan Oro"},"image":{"@id":"https:\/\/fundaciojoanoro.org\/#\/schema\/logo\/image\/"}}]}},"_links":{"self":[{"href":"https:\/\/fundaciojoanoro.org\/es\/wp-json\/wp\/v2\/pages\/2308","targetHints":{"allow":["GET"]}}],"collection":[{"href":"https:\/\/fundaciojoanoro.org\/es\/wp-json\/wp\/v2\/pages"}],"about":[{"href":"https:\/\/fundaciojoanoro.org\/es\/wp-json\/wp\/v2\/types\/page"}],"author":[{"embeddable":true,"href":"https:\/\/fundaciojoanoro.org\/es\/wp-json\/wp\/v2\/users\/1"}],"replies":[{"embeddable":true,"href":"https:\/\/fundaciojoanoro.org\/es\/wp-json\/wp\/v2\/comments?post=2308"}],"version-history":[{"count":1,"href":"https:\/\/fundaciojoanoro.org\/es\/wp-json\/wp\/v2\/pages\/2308\/revisions"}],"predecessor-version":[{"id":2309,"href":"https:\/\/fundaciojoanoro.org\/es\/wp-json\/wp\/v2\/pages\/2308\/revisions\/2309"}],"wp:attachment":[{"href":"https:\/\/fundaciojoanoro.org\/es\/wp-json\/wp\/v2\/media?parent=2308"}],"wp:term":[{"taxonomy":"disposicio","embeddable":true,"href":"https:\/\/fundaciojoanoro.org\/es\/wp-json\/wp\/v2\/disposicio?post=2308"}],"curies":[{"name":"wp","href":"https:\/\/api.w.org\/{rel}","templated":true}]}}