{"id":2306,"date":"2023-04-06T13:36:16","date_gmt":"2023-04-06T11:36:16","guid":{"rendered":"https:\/\/fundaciojoanoro.org\/?page_id=2306"},"modified":"2025-02-28T10:38:54","modified_gmt":"2025-02-28T08:38:54","slug":"politica-de-privacidad","status":"publish","type":"page","link":"https:\/\/fundaciojoanoro.org\/es\/politica-de-privacidad\/","title":{"rendered":"POL\u00cdTICA DE PRIVACIDAD"},"content":{"rendered":"\n<p><strong>I. POL\u00cdTICA DE PRIVACIDAD Y PROTECCI\u00d3N DE DATOS<\/strong><\/p>\n\n\n\n<p>Respetando lo establecido en la legislaci\u00f3n vigente, la Fundaci\u00f3n Joan Or\u00f3 (en adelante, tambi\u00e9n el Sitio Web) se compromete a adoptar las medidas t\u00e9cnicas y organizativas necesarias, seg\u00fan el nivel de seguridad adecuado al riesgo de los datos recogidos.<\/p>\n\n\n\n<h3 class=\"wp-block-heading\">Leyes que incorpora esta pol\u00edtica de privacidad<\/h3>\n\n\n\n<p>Esta pol\u00edtica de privacidad est\u00e1 adaptada a la normativa espa\u00f1ola y europea vigente en materia de protecci\u00f3n de datos personales en internet. En concreto, respeta las siguientes normativas:<\/p>\n\n\n\n<ul class=\"wp-block-list\">\n<li>El Reglamento (UE) 2016\/679 del Parlamento Europeo y del Consejo, de 27 de abril de 2016, relativo a la protecci\u00f3n de las personas f\u00edsicas en lo que respecta al tratamiento de datos personales y a la libre circulaci\u00f3n de estos datos (RGPD).<\/li>\n\n\n\n<li>La Ley Org\u00e1nica 3\/2018, de 5 de diciembre, de Protecci\u00f3n de Datos Personales y garant\u00eda de los derechos digitales (LOPD-GDD).<\/li>\n\n\n\n<li>El Real Decreto 1720\/2007, de 21 de diciembre, por el que se aprueba el Reglamento de desarrollo de la Ley Org\u00e1nica 15\/1999, de 13 de diciembre, de Protecci\u00f3n de Datos de Car\u00e1cter Personal (RDLOPD).<\/li>\n\n\n\n<li>La Ley 34\/2002, de 11 de julio, de Servicios de la Sociedad de la Informaci\u00f3n y de Comercio Electr\u00f3nico (LSSI-CE).<\/li>\n<\/ul>\n\n\n\n<h3 class=\"wp-block-heading\">Identidad del responsable del tratamiento de los datos personales<\/h3>\n\n\n\n<p>El responsable del tratamiento de los datos personales recogidos por la Fundaci\u00f3n Joan Or\u00f3 es: <strong>Fundaci\u00f3n Joan Or\u00f3<\/strong>, con NIF: <strong>G25304882<\/strong> e inscrita en: (pendiente) con los siguientes datos registrales: (pendiente), y representada por Fundaci\u00f3n Joan Or\u00f3 (en adelante, Responsable del tratamiento). Sus datos de contacto son:<\/p>\n\n\n\n<ul class=\"wp-block-list\">\n<li><strong>Direcci\u00f3n:<\/strong> Ramon i Cajal, 2 altell esquerra 25003, Lleida<\/li>\n\n\n\n<li><strong>Tel\u00e9fono de contacto:<\/strong> +34 973 27 93 96<\/li>\n\n\n\n<li><strong>Correo electr\u00f3nico de contacto:<\/strong> <a>administracio@fundaciojoanoro.org<\/a><\/li>\n<\/ul>\n\n\n\n<h3 class=\"wp-block-heading\">Registro de datos de car\u00e1cter personal<\/h3>\n\n\n\n<p>En cumplimiento de lo establecido en el RGPD y la LOPD-GDD, informamos que los datos personales recogidos por la Fundaci\u00f3n Joan Or\u00f3, a trav\u00e9s de los formularios de su sitio web, quedar\u00e1n incorporados y ser\u00e1n tratados en nuestro fichero con el fin de facilitar, agilizar y cumplir los compromisos establecidos entre la Fundaci\u00f3n Joan Or\u00f3 y el Usuario o el mantenimiento de la relaci\u00f3n que se establezca en los formularios que \u00e9ste complete, o para atender una solicitud o consulta.<\/p>\n\n\n\n<p>Adem\u00e1s, de acuerdo con lo previsto en el RGPD y la LOPD-GDD, salvo que sea aplicable la excepci\u00f3n prevista en el art\u00edculo 30.5 del RGPD, se mantiene un registro de actividades de tratamiento que especifica, seg\u00fan sus finalidades, las actividades de tratamiento realizadas y otras circunstancias establecidas en el RGPD.<\/p>\n\n\n\n<h3 class=\"wp-block-heading\">Principios aplicables al tratamiento de los datos personales<\/h3>\n\n\n\n<p>El tratamiento de los datos personales del Usuario estar\u00e1 sujeto a los siguientes principios:<\/p>\n\n\n\n<ol start=\"1\" class=\"wp-block-list\">\n<li><strong>Principio de licitud, lealtad y transparencia:<\/strong> Siempre se requerir\u00e1 el consentimiento del Usuario con informaci\u00f3n totalmente transparente sobre las finalidades de la recogida de datos personales.<\/li>\n\n\n\n<li><strong>Principio de limitaci\u00f3n de la finalidad:<\/strong> Los datos personales se recoger\u00e1n con fines determinados, expl\u00edcitos y leg\u00edtimos.<\/li>\n\n\n\n<li><strong>Principio de minimizaci\u00f3n de datos:<\/strong> Solo se recoger\u00e1n los datos estrictamente necesarios para las finalidades previstas.<\/li>\n\n\n\n<li><strong>Principio de exactitud:<\/strong> Los datos personales deben ser exactos y estar siempre actualizados.<\/li>\n\n\n\n<li><strong>Principio de limitaci\u00f3n del plazo de conservaci\u00f3n:<\/strong> Los datos solo se conservar\u00e1n durante el tiempo necesario para cumplir con su finalidad.<\/li>\n\n\n\n<li><strong>Principio de integridad y confidencialidad:<\/strong> Los datos se tratar\u00e1n garantizando su seguridad y confidencialidad.<\/li>\n\n\n\n<li><strong>Principio de responsabilidad proactiva:<\/strong> El Responsable del tratamiento asegurar\u00e1 el cumplimiento de estos principios.<\/li>\n<\/ol>\n\n\n\n<h3 class=\"wp-block-heading\">Categor\u00edas de datos personales<\/h3>\n\n\n\n<p>Las categor\u00edas de datos que se tratan son exclusivamente datos identificativos. En ning\u00fan caso se tratan categor\u00edas especiales de datos personales, tal como define el art\u00edculo 9 del RGPD.<\/p>\n\n\n\n<h3 class=\"wp-block-heading\">Base legal para el tratamiento de los datos personales<\/h3>\n\n\n\n<p>La base legal para el tratamiento de los datos personales es el consentimiento expl\u00edcito y verificable del Usuario para el tratamiento de sus datos con una o varias finalidades espec\u00edficas.<\/p>\n\n\n\n<p>El Usuario tiene derecho a retirar su consentimiento en cualquier momento. La retirada del consentimiento ser\u00e1 tan sencilla como otorgarlo. Como norma general, la retirada del consentimiento no condicionar\u00e1 el uso del Sitio Web.<\/p>\n\n\n\n<h3 class=\"wp-block-heading\">Finalidades del tratamiento de los datos personales<\/h3>\n\n\n\n<p>Los datos personales se recogen y gestionan por la Fundaci\u00f3n Joan Or\u00f3 con el fin de facilitar, agilizar y cumplir los compromisos establecidos entre el Sitio Web y el Usuario o el mantenimiento de la relaci\u00f3n que se establezca en los formularios que este \u00faltimo complete, o para atender una solicitud o consulta.<\/p>\n\n\n\n<p>Los datos tambi\u00e9n podr\u00e1n ser utilizados con finalidades comerciales, de personalizaci\u00f3n, operativas, estad\u00edsticas o actividades propias del objeto social de la Fundaci\u00f3n Joan Or\u00f3. Esto incluye la extracci\u00f3n, almacenamiento y estudios de marketing para adecuar el contenido ofrecido al Usuario, as\u00ed como para mejorar la calidad, el funcionamiento y la navegaci\u00f3n por el Sitio Web.<\/p>\n\n\n\n<h3 class=\"wp-block-heading\">Derechos derivados del tratamiento de los datos personales<\/h3>\n\n\n\n<p>El Usuario puede ejercer los siguientes derechos reconocidos por el RGPD y la Ley Org\u00e1nica 3\/2018:<\/p>\n\n\n\n<ul class=\"wp-block-list\">\n<li><strong>Derecho de acceso:<\/strong> Confirmar si la Fundaci\u00f3n trata o no sus datos personales y acceder a ellos.<\/li>\n\n\n\n<li><strong>Derecho de rectificaci\u00f3n:<\/strong> Modificar datos inexactos o incompletos.<\/li>\n\n\n\n<li><strong>Derecho de supresi\u00f3n (\u201cderecho al olvido\u201d):<\/strong> Solicitar la eliminaci\u00f3n de sus datos cuando ya no sean necesarios o se cumplan otras condiciones legales.<\/li>\n\n\n\n<li><strong>Derecho a la limitaci\u00f3n del tratamiento:<\/strong> Solicitar la limitaci\u00f3n en determinadas circunstancias.<\/li>\n\n\n\n<li><strong>Derecho a la portabilidad de los datos:<\/strong> Recibir los datos en formato estructurado y transferirlos a otro responsable del tratamiento.<\/li>\n\n\n\n<li><strong>Derecho de oposici\u00f3n:<\/strong> Oponerse al tratamiento de los datos.<\/li>\n<\/ul>\n\n\n\n<h3 class=\"wp-block-heading\">Aceptaci\u00f3n y cambios en esta pol\u00edtica de privacidad<\/h3>\n\n\n\n<p>Es necesario que el Usuario haya le\u00eddo y est\u00e9 conforme con las condiciones sobre la protecci\u00f3n de datos contenidas en esta Pol\u00edtica de Privacidad, as\u00ed como que acepte el tratamiento de sus datos personales seg\u00fan las finalidades, plazos y condiciones indicadas. El uso del Sitio Web implica la aceptaci\u00f3n de esta Pol\u00edtica de Privacidad.<\/p>\n\n\n\n<p>La Fundaci\u00f3n Joan Or\u00f3 se reserva el derecho de modificar su Pol\u00edtica de Privacidad, de acuerdo con su criterio o por cambios legislativos, jurisprudenciales o doctrinales de la Agencia Espa\u00f1ola de Protecci\u00f3n de Datos.<\/p>\n\n\n\n<p>Los cambios o actualizaciones de la Pol\u00edtica de Privacidad no ser\u00e1n notificados expl\u00edcitamente al Usuario. Por ello, se recomienda consultar esta p\u00e1gina peri\u00f3dicamente para estar informado de los \u00faltimos cambios o actualizaciones.<\/p>\n\n\n\n<p><\/p>\n","protected":false},"excerpt":{"rendered":"<p>I. POL\u00cdTICA DE PRIVACIDAD Y PROTECCI\u00d3N DE DATOS Respetando lo establecido en la legislaci\u00f3n vigente, la Fundaci\u00f3n Joan Or\u00f3 (en adelante, tambi\u00e9n el Sitio Web) se compromete a adoptar las medidas t\u00e9cnicas y organizativas necesarias, seg\u00fan el nivel de seguridad adecuado al riesgo de los datos recogidos. Leyes que incorpora esta pol\u00edtica de privacidad Esta [&hellip;]<\/p>\n","protected":false},"author":1,"featured_media":0,"parent":0,"menu_order":0,"comment_status":"closed","ping_status":"closed","template":"","meta":{"_acf_changed":false,"footnotes":""},"disposicio":[],"class_list":["post-2306","page","type-page","status-publish","hentry"],"acf":[],"yoast_head":"<!-- This site is optimized with the Yoast SEO plugin v26.7 - https:\/\/yoast.com\/wordpress\/plugins\/seo\/ -->\n<title>POL\u00cdTICA DE PRIVACIDAD - Joan Oro<\/title>\n<meta name=\"robots\" content=\"index, follow, max-snippet:-1, max-image-preview:large, max-video-preview:-1\" \/>\n<link rel=\"canonical\" href=\"https:\/\/fundaciojoanoro.org\/es\/politica-de-privacidad\/\" \/>\n<meta property=\"og:locale\" content=\"es_ES\" \/>\n<meta property=\"og:type\" content=\"article\" \/>\n<meta property=\"og:title\" content=\"POL\u00cdTICA DE PRIVACIDAD - Joan Oro\" \/>\n<meta property=\"og:description\" content=\"I. POL\u00cdTICA DE PRIVACIDAD Y PROTECCI\u00d3N DE DATOS Respetando lo establecido en la legislaci\u00f3n vigente, la Fundaci\u00f3n Joan Or\u00f3 (en adelante, tambi\u00e9n el Sitio Web) se compromete a adoptar las medidas t\u00e9cnicas y organizativas necesarias, seg\u00fan el nivel de seguridad adecuado al riesgo de los datos recogidos. Leyes que incorpora esta pol\u00edtica de privacidad Esta [&hellip;]\" \/>\n<meta property=\"og:url\" content=\"https:\/\/fundaciojoanoro.org\/es\/politica-de-privacidad\/\" \/>\n<meta property=\"og:site_name\" content=\"Joan Oro\" \/>\n<meta property=\"article:modified_time\" content=\"2025-02-28T08:38:54+00:00\" \/>\n<meta name=\"twitter:card\" content=\"summary_large_image\" \/>\n<meta name=\"twitter:label1\" content=\"Tiempo de lectura\" \/>\n\t<meta name=\"twitter:data1\" content=\"6 minutos\" \/>\n<script type=\"application\/ld+json\" class=\"yoast-schema-graph\">{\"@context\":\"https:\/\/schema.org\",\"@graph\":[{\"@type\":\"WebPage\",\"@id\":\"https:\/\/fundaciojoanoro.org\/es\/politica-de-privacidad\/\",\"url\":\"https:\/\/fundaciojoanoro.org\/es\/politica-de-privacidad\/\",\"name\":\"POL\u00cdTICA DE PRIVACIDAD - Joan Oro\",\"isPartOf\":{\"@id\":\"https:\/\/fundaciojoanoro.org\/#website\"},\"datePublished\":\"2023-04-06T11:36:16+00:00\",\"dateModified\":\"2025-02-28T08:38:54+00:00\",\"breadcrumb\":{\"@id\":\"https:\/\/fundaciojoanoro.org\/es\/politica-de-privacidad\/#breadcrumb\"},\"inLanguage\":\"es\",\"potentialAction\":[{\"@type\":\"ReadAction\",\"target\":[\"https:\/\/fundaciojoanoro.org\/es\/politica-de-privacidad\/\"]}]},{\"@type\":\"BreadcrumbList\",\"@id\":\"https:\/\/fundaciojoanoro.org\/es\/politica-de-privacidad\/#breadcrumb\",\"itemListElement\":[{\"@type\":\"ListItem\",\"position\":1,\"name\":\"Inici\",\"item\":\"https:\/\/fundaciojoanoro.org\/es\/fundacion-joan-oro\/\"},{\"@type\":\"ListItem\",\"position\":2,\"name\":\"POL\u00cdTICA DE PRIVACIDAD\"}]},{\"@type\":\"WebSite\",\"@id\":\"https:\/\/fundaciojoanoro.org\/#website\",\"url\":\"https:\/\/fundaciojoanoro.org\/\",\"name\":\"Joan Oro\",\"description\":\"\",\"publisher\":{\"@id\":\"https:\/\/fundaciojoanoro.org\/#organization\"},\"potentialAction\":[{\"@type\":\"SearchAction\",\"target\":{\"@type\":\"EntryPoint\",\"urlTemplate\":\"https:\/\/fundaciojoanoro.org\/?s={search_term_string}\"},\"query-input\":{\"@type\":\"PropertyValueSpecification\",\"valueRequired\":true,\"valueName\":\"search_term_string\"}}],\"inLanguage\":\"es\"},{\"@type\":\"Organization\",\"@id\":\"https:\/\/fundaciojoanoro.org\/#organization\",\"name\":\"Joan Oro\",\"url\":\"https:\/\/fundaciojoanoro.org\/\",\"logo\":{\"@type\":\"ImageObject\",\"inLanguage\":\"es\",\"@id\":\"https:\/\/fundaciojoanoro.org\/#\/schema\/logo\/image\/\",\"url\":\"https:\/\/fundaciojoanoro.org\/wp-content\/uploads\/2023\/04\/logo.svg\",\"contentUrl\":\"https:\/\/fundaciojoanoro.org\/wp-content\/uploads\/2023\/04\/logo.svg\",\"width\":228,\"height\":106,\"caption\":\"Joan Oro\"},\"image\":{\"@id\":\"https:\/\/fundaciojoanoro.org\/#\/schema\/logo\/image\/\"}}]}<\/script>\n<!-- \/ Yoast SEO plugin. -->","yoast_head_json":{"title":"POL\u00cdTICA DE PRIVACIDAD - Joan Oro","robots":{"index":"index","follow":"follow","max-snippet":"max-snippet:-1","max-image-preview":"max-image-preview:large","max-video-preview":"max-video-preview:-1"},"canonical":"https:\/\/fundaciojoanoro.org\/es\/politica-de-privacidad\/","og_locale":"es_ES","og_type":"article","og_title":"POL\u00cdTICA DE PRIVACIDAD - Joan Oro","og_description":"I. POL\u00cdTICA DE PRIVACIDAD Y PROTECCI\u00d3N DE DATOS Respetando lo establecido en la legislaci\u00f3n vigente, la Fundaci\u00f3n Joan Or\u00f3 (en adelante, tambi\u00e9n el Sitio Web) se compromete a adoptar las medidas t\u00e9cnicas y organizativas necesarias, seg\u00fan el nivel de seguridad adecuado al riesgo de los datos recogidos. Leyes que incorpora esta pol\u00edtica de privacidad Esta [&hellip;]","og_url":"https:\/\/fundaciojoanoro.org\/es\/politica-de-privacidad\/","og_site_name":"Joan Oro","article_modified_time":"2025-02-28T08:38:54+00:00","twitter_card":"summary_large_image","twitter_misc":{"Tiempo de lectura":"6 minutos"},"schema":{"@context":"https:\/\/schema.org","@graph":[{"@type":"WebPage","@id":"https:\/\/fundaciojoanoro.org\/es\/politica-de-privacidad\/","url":"https:\/\/fundaciojoanoro.org\/es\/politica-de-privacidad\/","name":"POL\u00cdTICA DE PRIVACIDAD - Joan Oro","isPartOf":{"@id":"https:\/\/fundaciojoanoro.org\/#website"},"datePublished":"2023-04-06T11:36:16+00:00","dateModified":"2025-02-28T08:38:54+00:00","breadcrumb":{"@id":"https:\/\/fundaciojoanoro.org\/es\/politica-de-privacidad\/#breadcrumb"},"inLanguage":"es","potentialAction":[{"@type":"ReadAction","target":["https:\/\/fundaciojoanoro.org\/es\/politica-de-privacidad\/"]}]},{"@type":"BreadcrumbList","@id":"https:\/\/fundaciojoanoro.org\/es\/politica-de-privacidad\/#breadcrumb","itemListElement":[{"@type":"ListItem","position":1,"name":"Inici","item":"https:\/\/fundaciojoanoro.org\/es\/fundacion-joan-oro\/"},{"@type":"ListItem","position":2,"name":"POL\u00cdTICA DE PRIVACIDAD"}]},{"@type":"WebSite","@id":"https:\/\/fundaciojoanoro.org\/#website","url":"https:\/\/fundaciojoanoro.org\/","name":"Joan Oro","description":"","publisher":{"@id":"https:\/\/fundaciojoanoro.org\/#organization"},"potentialAction":[{"@type":"SearchAction","target":{"@type":"EntryPoint","urlTemplate":"https:\/\/fundaciojoanoro.org\/?s={search_term_string}"},"query-input":{"@type":"PropertyValueSpecification","valueRequired":true,"valueName":"search_term_string"}}],"inLanguage":"es"},{"@type":"Organization","@id":"https:\/\/fundaciojoanoro.org\/#organization","name":"Joan Oro","url":"https:\/\/fundaciojoanoro.org\/","logo":{"@type":"ImageObject","inLanguage":"es","@id":"https:\/\/fundaciojoanoro.org\/#\/schema\/logo\/image\/","url":"https:\/\/fundaciojoanoro.org\/wp-content\/uploads\/2023\/04\/logo.svg","contentUrl":"https:\/\/fundaciojoanoro.org\/wp-content\/uploads\/2023\/04\/logo.svg","width":228,"height":106,"caption":"Joan Oro"},"image":{"@id":"https:\/\/fundaciojoanoro.org\/#\/schema\/logo\/image\/"}}]}},"_links":{"self":[{"href":"https:\/\/fundaciojoanoro.org\/es\/wp-json\/wp\/v2\/pages\/2306","targetHints":{"allow":["GET"]}}],"collection":[{"href":"https:\/\/fundaciojoanoro.org\/es\/wp-json\/wp\/v2\/pages"}],"about":[{"href":"https:\/\/fundaciojoanoro.org\/es\/wp-json\/wp\/v2\/types\/page"}],"author":[{"embeddable":true,"href":"https:\/\/fundaciojoanoro.org\/es\/wp-json\/wp\/v2\/users\/1"}],"replies":[{"embeddable":true,"href":"https:\/\/fundaciojoanoro.org\/es\/wp-json\/wp\/v2\/comments?post=2306"}],"version-history":[{"count":1,"href":"https:\/\/fundaciojoanoro.org\/es\/wp-json\/wp\/v2\/pages\/2306\/revisions"}],"predecessor-version":[{"id":2307,"href":"https:\/\/fundaciojoanoro.org\/es\/wp-json\/wp\/v2\/pages\/2306\/revisions\/2307"}],"wp:attachment":[{"href":"https:\/\/fundaciojoanoro.org\/es\/wp-json\/wp\/v2\/media?parent=2306"}],"wp:term":[{"taxonomy":"disposicio","embeddable":true,"href":"https:\/\/fundaciojoanoro.org\/es\/wp-json\/wp\/v2\/disposicio?post=2306"}],"curies":[{"name":"wp","href":"https:\/\/api.w.org\/{rel}","templated":true}]}}